{"id":15,"date":"2021-09-12T10:10:56","date_gmt":"2021-09-12T10:10:56","guid":{"rendered":"https:\/\/cerrajerosvulcano.es\/?page_id=15"},"modified":"2021-10-15T09:07:04","modified_gmt":"2021-10-15T09:07:04","slug":"inicio","status":"publish","type":"page","link":"https:\/\/cerrajerosvulcano.es\/","title":{"rendered":"Inicio"},"content":{"rendered":"\n<div class=\"wp-block-cover alignfull has-background-dim\" style=\"min-height:500px;aspect-ratio:unset;\"><img fetchpriority=\"high\" decoding=\"async\" width=\"1080\" height=\"1920\" class=\"wp-block-cover__image-background wp-image-82\" alt=\"\" src=\"https:\/\/cerrajerosvulcano.es\/wp-content\/uploads\/2021\/09\/WhatsApp-Image-2021-08-06-at-21.53.23.jpeg\" style=\"object-position:46% 0%\" data-object-fit=\"cover\" data-object-position=\"46% 0%\" srcset=\"https:\/\/cerrajerosvulcano.es\/wp-content\/uploads\/2021\/09\/WhatsApp-Image-2021-08-06-at-21.53.23.jpeg 1080w, https:\/\/cerrajerosvulcano.es\/wp-content\/uploads\/2021\/09\/WhatsApp-Image-2021-08-06-at-21.53.23-169x300.jpeg 169w, https:\/\/cerrajerosvulcano.es\/wp-content\/uploads\/2021\/09\/WhatsApp-Image-2021-08-06-at-21.53.23-576x1024.jpeg 576w, https:\/\/cerrajerosvulcano.es\/wp-content\/uploads\/2021\/09\/WhatsApp-Image-2021-08-06-at-21.53.23-768x1365.jpeg 768w, https:\/\/cerrajerosvulcano.es\/wp-content\/uploads\/2021\/09\/WhatsApp-Image-2021-08-06-at-21.53.23-864x1536.jpeg 864w\" sizes=\"(max-width: 1080px) 100vw, 1080px\" \/><div class=\"wp-block-cover__inner-container is-layout-flow wp-block-cover-is-layout-flow\">\n<div style=\"height:80px\" aria-hidden=\"true\" class=\"wp-block-spacer\"><\/div>\n\n\n\n<h1 class=\"has-text-align-center has-nv-site-bg-color has-text-color wp-block-heading\">Cerrajeros Vulcano<\/h1>\n\n\n\n<p class=\"has-text-align-center has-nv-site-bg-color has-text-color\" style=\"font-size:17px\"> Cerrajeros Vulcano es una empresa sevillana con m\u00e1s de 15 a\u00f1os de experiencia. Somos especialistas en persianas met\u00e1licas,automatismos, apertura de puertas, cambio de cerraduras y cilindros, igualamientos de llaves, amaestramiento y herrer\u00eda.<\/p>\n\n\n\n<p class=\"has-text-align-center\">Realizamos la apertura e instalaci\u00f3n de todo tipo de puertas, cerraduras, bombines, cerrojos, etc. de viviendas, comunidades o negocios. Cubrimos todas las necesidades de nuestros clientes con servicios de cerrajer\u00eda de calidad con total garant\u00eda.<\/p>\n\n\n\n<p><\/p>\n\n\n\n<div style=\"height:80px\" aria-hidden=\"true\" class=\"wp-block-spacer\"><\/div>\n\n\n\n<div style=\"height:80px\" aria-hidden=\"true\" class=\"wp-block-spacer\"><\/div>\n\n\n\n<p><\/p>\n<\/div><\/div>\n\n\n\n<div style=\"height:80px\" aria-hidden=\"true\" class=\"wp-block-spacer\"><\/div>\n\n\n\n<div class=\"wp-block-nextend-smartslider3\"><\/div>\n\n\n\n<p><\/p>\n\n\n\n<div class=\"wp-block-columns is-layout-flex wp-container-core-columns-is-layout-9d6595d7 wp-block-columns-is-layout-flex\">\n<div class=\"wp-block-column is-layout-flow wp-block-column-is-layout-flow\">\n<div class=\"wp-block-image icon-style is-style-default\"><figure class=\"aligncenter is-resized\"><img decoding=\"async\" src=\"https:\/\/cerrajerosvulcano.es\/wp-content\/themes\/neve\/assets\/img\/starter-content\/icon-03.svg\" alt=\"\" width=\"48\" height=\"48\"\/><\/figure><\/div>\n\n\n\n<h3 class=\"has-text-align-center has-neve-text-color-color has-text-color wp-block-heading\">Trabajos garantizados<\/h3>\n\n\n\n<p class=\"has-text-align-center\">Nuestros servicios est\u00e1n totalmente garantizados.<\/p>\n\n\n\n<div style=\"height:20px\" aria-hidden=\"true\" class=\"wp-block-spacer\"><\/div>\n<\/div>\n\n\n\n<div class=\"wp-block-column is-layout-flow wp-block-column-is-layout-flow\">\n<div class=\"wp-block-image icon-style is-style-default\"><figure class=\"aligncenter is-resized\"><img decoding=\"async\" src=\"https:\/\/cerrajerosvulcano.es\/wp-content\/themes\/neve\/assets\/img\/starter-content\/icon-02.svg\" alt=\"\" width=\"48\" height=\"48\"\/><\/figure><\/div>\n\n\n\n<h3 class=\"has-text-align-center has-neve-text-color-color has-text-color wp-block-heading\">15 a\u00f1os de experiencia<\/h3>\n\n\n\n<p class=\"has-text-align-center\">M\u00e1s de quince a\u00f1os de experiencia nos avalan.<\/p>\n\n\n\n<div style=\"height:20px\" aria-hidden=\"true\" class=\"wp-block-spacer\"><\/div>\n<\/div>\n\n\n\n<div class=\"wp-block-column is-layout-flow wp-block-column-is-layout-flow\">\n<div class=\"wp-block-image icon-style is-style-rounded\"><figure class=\"aligncenter is-resized\"><img loading=\"lazy\" decoding=\"async\" src=\"https:\/\/cerrajerosvulcano.es\/wp-content\/themes\/neve\/assets\/img\/starter-content\/icon-01.svg\" alt=\"\" width=\"48\" height=\"48\"\/><\/figure><\/div>\n\n\n\n<h3 class=\"has-text-align-center has-neve-text-color-color has-text-color wp-block-heading\">Atenci\u00f3n inmediada<\/h3>\n\n\n\n<p class=\"has-text-align-center\">Resolvemos sus necesidades en el menor tiempo posible. <\/p>\n\n\n\n<div style=\"height:20px\" aria-hidden=\"true\" class=\"wp-block-spacer\"><\/div>\n<\/div>\n<\/div>\n\n\n\n<h2 class=\"wp-block-heading\">Puertas autom\u00e1ticas<\/h2>\n\n\n\n<p>Instalamos todo tipo de puertas de garajes y autom\u00e1ticas.<\/p>\n\n\n\n<div class=\"wp-block-columns is-layout-flex wp-container-core-columns-is-layout-9d6595d7 wp-block-columns-is-layout-flex\">\n<div class=\"wp-block-column is-layout-flow wp-block-column-is-layout-flow\" style=\"flex-basis:25%\"><\/div>\n\n\n\n<div class=\"wp-block-column is-layout-flow wp-block-column-is-layout-flow\" style=\"flex-basis:50%\">\n\n<video width=\"260\" height=\"125\" controls autoplay>\n    <source src=\"https:\/\/cerrajerosvulcano.es\/wp-content\/uploads\/2021\/10\/video.mp4\" type=\"video\/mp4\">\n    Tu navegador no soporta los v\u00eddeos de HTML5\n<\/video>\n<\/div>\n\n\n\n<div class=\"wp-block-column is-layout-flow wp-block-column-is-layout-flow\" style=\"flex-basis:25%\"><\/div>\n<\/div>\n","protected":false},"excerpt":{"rendered":"<p>Trabajos garantizados Nuestros servicios est\u00e1n totalmente garantizados. 15 a\u00f1os de experiencia M\u00e1s de quince a\u00f1os de experiencia nos avalan. Atenci\u00f3n inmediada Resolvemos sus necesidades en el menor tiempo posible. Puertas autom\u00e1ticas Instalamos todo tipo de puertas de garajes y autom\u00e1ticas. Tu navegador no soporta los v\u00eddeos de HTML5<\/p>\n","protected":false},"author":1,"featured_media":0,"parent":0,"menu_order":0,"comment_status":"closed","ping_status":"closed","template":"","meta":{"om_disable_all_campaigns":false,"_monsterinsights_skip_tracking":false,"_monsterinsights_sitenote_active":false,"_monsterinsights_sitenote_note":"","_monsterinsights_sitenote_category":0,"neve_meta_sidebar":"","neve_meta_container":"","neve_meta_enable_content_width":"on","neve_meta_content_width":100,"neve_meta_title_alignment":"","neve_meta_author_avatar":"","neve_post_elements_order":"","neve_meta_disable_header":"","neve_meta_disable_footer":"","neve_meta_disable_title":"on","footnotes":""},"class_list":["post-15","page","type-page","status-publish","hentry"],"aioseo_notices":[],"_links":{"self":[{"href":"https:\/\/cerrajerosvulcano.es\/index.php\/wp-json\/wp\/v2\/pages\/15","targetHints":{"allow":["GET"]}}],"collection":[{"href":"https:\/\/cerrajerosvulcano.es\/index.php\/wp-json\/wp\/v2\/pages"}],"about":[{"href":"https:\/\/cerrajerosvulcano.es\/index.php\/wp-json\/wp\/v2\/types\/page"}],"author":[{"embeddable":true,"href":"https:\/\/cerrajerosvulcano.es\/index.php\/wp-json\/wp\/v2\/users\/1"}],"replies":[{"embeddable":true,"href":"https:\/\/cerrajerosvulcano.es\/index.php\/wp-json\/wp\/v2\/comments?post=15"}],"version-history":[{"count":34,"href":"https:\/\/cerrajerosvulcano.es\/index.php\/wp-json\/wp\/v2\/pages\/15\/revisions"}],"predecessor-version":[{"id":217,"href":"https:\/\/cerrajerosvulcano.es\/index.php\/wp-json\/wp\/v2\/pages\/15\/revisions\/217"}],"wp:attachment":[{"href":"https:\/\/cerrajerosvulcano.es\/index.php\/wp-json\/wp\/v2\/media?parent=15"}],"curies":[{"name":"wp","href":"https:\/\/api.w.org\/{rel}","templated":true}]}}